{"id":483,"date":"2022-04-27T09:27:53","date_gmt":"2022-04-27T09:27:53","guid":{"rendered":"https:\/\/suvremene-teme.vern.hr\/?page_id=483"},"modified":"2025-07-08T10:35:11","modified_gmt":"2025-07-08T10:35:11","slug":"upute-za-predaju-radova","status":"publish","type":"page","link":"https:\/\/suvremene-teme.vern.hr\/en\/upute-za-predaju-radova\/","title":{"rendered":"Guidelines for paper submission"},"content":{"rendered":"<p>Guidelines for paper submission <a href=\"https:\/\/suvremene-teme.vern.hr\/wp-content\/uploads\/2025\/07\/ST-2025_Upute-za-predaju-radova.pdf\" data-type=\"URL\" data-id=\"https:\/\/suvremene-teme.vern.hr\/wp-content\/uploads\/2022\/12\/UPUTE-AUTORIMA.doc.pdf\" target=\"_blank\" rel=\"noreferrer noopener\">LINKU<\/a><br>The content of the instructions:<br>- Reviewing procedure and submission of papers<br>- Submission of papers and formatting<br>- Crediting sources (citing references)<br>- Reference list<br><\/p>\n\n\n\n<p><\/p>","protected":false},"excerpt":{"rendered":"<p>Upute za predaju radova mo\u017eete preuzeti na -> LINKUSadr\u017eaj uputa:&#8211; recenzentski postupak&#8211; prijava radove i oblikovanje&#8211; navo\u0111enje literature, izvora unutar teksta, na kraju rada&#8211; popis literature<\/p>","protected":false},"author":6,"featured_media":0,"parent":0,"menu_order":0,"comment_status":"closed","ping_status":"closed","template":"","meta":{"_kad_post_transparent":"","_kad_post_title":"","_kad_post_layout":"","_kad_post_sidebar_id":"","_kad_post_content_style":"","_kad_post_vertical_padding":"","_kad_post_feature":"","_kad_post_feature_position":"","_kad_post_header":false,"_kad_post_footer":false,"_kad_post_classname":"","footnotes":""},"coauthors":[589],"class_list":["post-483","page","type-page","status-publish","hentry"],"_links":{"self":[{"href":"https:\/\/suvremene-teme.vern.hr\/en\/wp-json\/wp\/v2\/pages\/483","targetHints":{"allow":["GET"]}}],"collection":[{"href":"https:\/\/suvremene-teme.vern.hr\/en\/wp-json\/wp\/v2\/pages"}],"about":[{"href":"https:\/\/suvremene-teme.vern.hr\/en\/wp-json\/wp\/v2\/types\/page"}],"author":[{"embeddable":true,"href":"https:\/\/suvremene-teme.vern.hr\/en\/wp-json\/wp\/v2\/users\/6"}],"replies":[{"embeddable":true,"href":"https:\/\/suvremene-teme.vern.hr\/en\/wp-json\/wp\/v2\/comments?post=483"}],"version-history":[{"count":16,"href":"https:\/\/suvremene-teme.vern.hr\/en\/wp-json\/wp\/v2\/pages\/483\/revisions"}],"predecessor-version":[{"id":1470,"href":"https:\/\/suvremene-teme.vern.hr\/en\/wp-json\/wp\/v2\/pages\/483\/revisions\/1470"}],"wp:attachment":[{"href":"https:\/\/suvremene-teme.vern.hr\/en\/wp-json\/wp\/v2\/media?parent=483"}],"wp:term":[{"taxonomy":"author","embeddable":true,"href":"https:\/\/suvremene-teme.vern.hr\/en\/wp-json\/wp\/v2\/coauthors?post=483"}],"curies":[{"name":"wp","href":"https:\/\/api.w.org\/{rel}","templated":true}]}}