{"id":474,"date":"2022-04-27T08:43:24","date_gmt":"2022-04-27T08:43:24","guid":{"rendered":"https:\/\/suvremene-teme.vern.hr\/?page_id=474"},"modified":"2023-02-08T09:23:45","modified_gmt":"2023-02-08T09:23:45","slug":"poziv-za-predaju-clanaka","status":"publish","type":"page","link":"https:\/\/suvremene-teme.vern.hr\/en\/poziv-za-predaju-clanaka\/","title":{"rendered":"Call for papers"},"content":{"rendered":"<p class=\"has-text-align-center translation-block\"><strong>Contemporary Issues <br>\nopen access online journal for social and human sciences<br>\nCall for articles <\/strong><\/p>\n\n\n\n<p><strong><strong>Dear colleagues, <\/strong><\/strong><br><br>Suvremene teme su recenzirani znanstveni \u010dasopis za dru\u0161tvene i humanisti\u010dke znanosti koji izdaje Sveu\u010dili\u0161te VERN\u2019 iz Zagreba. \u010casopis objavljuje autorske radove o suvremenim istra\u017eiva\u010dkim pitanjima i temama, s naglaskom na pluralnost metoda i pristupa te vrednovanje multidisciplinarnosti. \u010clanci i prikazi knjiga pokrivaju teme iz podru\u010dja politologije, sociologije, suvremene povijesti i drugih srodnih disciplina, koje se odnose na jugoisto\u010dnu Europu.<br><br>\u010casopis izlazi jednom godi\u0161nje u obliku slobodno dostupne digitalne publikacije. Uredni\u0161tvo uzima u obzir jedino prethodno neobjavljene, autorske radove, pisane na hrvatskom ili engleskom jeziku. Uredni\u0161tvo tako\u0111er prima i prikaze novih i zna\u010dajnih znanstvenih knjiga, kao i priop\u0107enja o teku\u0107im istra\u017eivanjima u dru\u0161tvenim i humanisti\u010dkim znanostima.<br><br>\u010casopis je otvoren kako etabliranim znanstvenicima, tako i mladim istra\u017eiva\u010dima. Posebno poti\u010demo objavu znanstvenih i stru\u010dnih radova nastalih u suradnji predava\u010da i studenata.<br><br>Povodom pokretanja novih VERN\u2019ovih preddiplomskih sveu\u010dili\u0161nih studija, ali i zbog sve ve\u0107eg zna\u010daja kreativnih industrija, posebice onih vezanih uz medije i informati\u010dke tehnologije u COVID i post COVID svijetu, Uredni\u0161tvo \u010dasopisa poziva na apliciranje radova s fokusom na ulogu i zna\u010daj kreativnih industrija za dru\u0161tvenu transformaciju Hrvatske i jugoisto\u010dne Europe. U kreativne industrije ubrajaju se sve vrste i oblici umjetnosti i obrta, izdava\u0161tvo, mediji, filmovi, videoigre, dizajn, ogla\u0161avanje, muzeji, galerije, festivali, informacijske tehnologije i dr., odnosno sve one djelatnosti koje kao temeljni resurs za stvaranje dodane vrijednosti koriste ljudsku kreativnost, talent, imaginaciju i inovativnost.<br><br>Suvremene teme su indeksirane u sljede\u0107im citatnim bazama: Proquest \u2013 Social Science Premium Collection, Political Collection, PAIS; CEEOL; BASE.<br><\/p>\n\n\n\n<p>Suvremene teme primaju \u010dlanke za sljede\u0107i broj \u2013 god. XIV., 2023. Rok za predaju radova je: 25. lipanj 2023.  Radovi se \u0161alju na e-mail uredni\u0161tva \u010dasopisa: <a href=\"mailto:st@vern.hr\">st@vern.hr<\/a>. <br>Za pojedinosti, molimo vas, pogledajte Upute za predaju radova na <a rel=\"noreferrer noopener\" href=\"https:\/\/suvremene-teme.vern.hr\/en\/upute-za-predaju-radova\/\" data-type=\"URL\" data-id=\"https:\/\/suvremene-teme.vern.hr\/\" target=\"_blank\">linku<\/a>.<\/p>\n\n\n\n<p class=\"has-text-align-right\"><strong>Editorial<\/strong><\/p>\n\n\n\n<p><strong>Kontakt:<\/strong><br>Suvremene teme, Sveu\u010dili\u0161te VERN\u2019, Palmoti\u0107eva 82\/1, 10000 Zagreb<br><a href=\"http:\/\/contemporary-issues.vern.hr\/\" data-type=\"URL\" data-id=\"http:\/\/contemporary-issues.vern.hr\/\"><\/a><a href=\"https:\/\/suvremene-teme.vern.hr\/en\/\" data-type=\"URL\" data-id=\"http:\/\/www.suvremene-teme.vern.hr\/\"><\/a><a rel=\"noreferrer noopener\" href=\"https:\/\/suvremene-teme.vern.hr\/en\/\" data-type=\"URL\" data-id=\"http:\/\/www.suvremene-teme.vern.hr\/\" target=\"_blank\"><a rel=\"noreferrer noopener\" href=\"https:\/\/suvremene-teme.vern.hr\/en\/\" data-type=\"URL\" data-id=\"https:\/\/suvremene-teme.vern.hr\/\" target=\"_blank\">www.suvremene-teme.vern.hr<\/a><\/a><br>e-mail: <a href=\"mailto:st@vern.hr\">st@vern.hr<\/a><\/p>","protected":false},"excerpt":{"rendered":"<p>Suvremene temeonline open access \u010dasopis za dru\u0161tvene i humanisti\u010dke znanostiPoziv za predaju \u010dlanaka Po\u0161tovane kolegice i kolege, Suvremene teme su recenzirani znanstveni \u010dasopis za dru\u0161tvene i humanisti\u010dke znanosti koji izdaje Sveu\u010dili\u0161te VERN\u2019 iz Zagreba. \u010casopis objavljuje autorske radove o suvremenim istra\u017eiva\u010dkim pitanjima i temama, s naglaskom na pluralnost metoda i pristupa te vrednovanje multidisciplinarnosti. \u010clanci&#8230;<\/p>","protected":false},"author":6,"featured_media":0,"parent":0,"menu_order":0,"comment_status":"closed","ping_status":"closed","template":"","meta":{"_kad_post_transparent":"","_kad_post_title":"","_kad_post_layout":"","_kad_post_sidebar_id":"","_kad_post_content_style":"","_kad_post_vertical_padding":"","_kad_post_feature":"","_kad_post_feature_position":"","_kad_post_header":false,"_kad_post_footer":false,"_kad_post_classname":"","footnotes":""},"coauthors":[589],"class_list":["post-474","page","type-page","status-publish","hentry"],"_links":{"self":[{"href":"https:\/\/suvremene-teme.vern.hr\/en\/wp-json\/wp\/v2\/pages\/474","targetHints":{"allow":["GET"]}}],"collection":[{"href":"https:\/\/suvremene-teme.vern.hr\/en\/wp-json\/wp\/v2\/pages"}],"about":[{"href":"https:\/\/suvremene-teme.vern.hr\/en\/wp-json\/wp\/v2\/types\/page"}],"author":[{"embeddable":true,"href":"https:\/\/suvremene-teme.vern.hr\/en\/wp-json\/wp\/v2\/users\/6"}],"replies":[{"embeddable":true,"href":"https:\/\/suvremene-teme.vern.hr\/en\/wp-json\/wp\/v2\/comments?post=474"}],"version-history":[{"count":10,"href":"https:\/\/suvremene-teme.vern.hr\/en\/wp-json\/wp\/v2\/pages\/474\/revisions"}],"predecessor-version":[{"id":1302,"href":"https:\/\/suvremene-teme.vern.hr\/en\/wp-json\/wp\/v2\/pages\/474\/revisions\/1302"}],"wp:attachment":[{"href":"https:\/\/suvremene-teme.vern.hr\/en\/wp-json\/wp\/v2\/media?parent=474"}],"wp:term":[{"taxonomy":"author","embeddable":true,"href":"https:\/\/suvremene-teme.vern.hr\/en\/wp-json\/wp\/v2\/coauthors?post=474"}],"curies":[{"name":"wp","href":"https:\/\/api.w.org\/{rel}","templated":true}]}}