{"id":33,"date":"2022-04-22T13:10:39","date_gmt":"2022-04-22T13:10:39","guid":{"rendered":"https:\/\/suvremene-teme.vern.hr\/?page_id=33"},"modified":"2022-05-12T15:56:15","modified_gmt":"2022-05-12T15:56:15","slug":"o-casopisu","status":"publish","type":"page","link":"https:\/\/suvremene-teme.vern.hr\/en\/o-casopisu\/","title":{"rendered":"About journal"},"content":{"rendered":"<h3 class=\"wp-block-heading\">Contemporary issues - international journal for social sciences &amp; humanities<\/h3>\n\n\n\n<ul class=\"wp-block-list\"><li>is an international journal for social sciences &amp; humanities<\/li><li>is a peer reviewed, multidisciplinary journal which is open to contributions from political science, sociology, communication science, contemporary history and related disciplines, with a focus on Southeastern Europe<\/li><li>accepts previously unpublished papers in Croatian and English language<\/li><li>publishes following categories of papers: original scientific papers, preliminary communications, conference papers, review papers, expert papers and book reviews<\/li><li>is issued annually as an online journal<\/li><li>supports open-access to scientific work, therefore all papers are accessible free of charge<\/li><\/ul>\n\n\n\n<h3 class=\"wp-block-heading\">Publisher <\/h3>\n\n\n\n<p><strong>VERN' University<\/strong><br>Palmoti\u0107eva ulica 82\/1<br>10 000 Zagreb, Croatia<br>tel: +385 (0)1 4881 820<br>url: <a href=\"http:\/\/www.vern.hr\">www.vern.hr<\/a><br>e-mail: <a href=\"mailto:st@vern.hr\">st@vern.hr<\/a><\/p>","protected":false},"excerpt":{"rendered":"<p>Suvremene teme &#8211; me\u0111unarodni \u010dasopis za dru\u0161tvene i humanisti\u010dke znanosti me\u0111unarodni je znanstveni \u010dasopis za dru\u0161tvene i humanisti\u010dke znanosti multidisciplinarnog je karaktera i objavljuje recenzirane radove iz podru\u010dja politologije, sociologije, komunikacijskih znanosti, suvremene povijesti i ostalih srodnih disciplina koji se bave podru\u010djem jugoisto\u010dne Europe objavljuje dosad neobjavljene radove pisane na hrvatskom i engleskom jeziku objavljuje&#8230;<\/p>","protected":false},"author":6,"featured_media":0,"parent":0,"menu_order":0,"comment_status":"closed","ping_status":"closed","template":"","meta":{"_kad_post_transparent":"","_kad_post_title":"","_kad_post_layout":"","_kad_post_sidebar_id":"","_kad_post_content_style":"","_kad_post_vertical_padding":"","_kad_post_feature":"","_kad_post_feature_position":"","_kad_post_header":false,"_kad_post_footer":false,"_kad_post_classname":"","footnotes":""},"coauthors":[589],"class_list":["post-33","page","type-page","status-publish","hentry"],"_links":{"self":[{"href":"https:\/\/suvremene-teme.vern.hr\/en\/wp-json\/wp\/v2\/pages\/33","targetHints":{"allow":["GET"]}}],"collection":[{"href":"https:\/\/suvremene-teme.vern.hr\/en\/wp-json\/wp\/v2\/pages"}],"about":[{"href":"https:\/\/suvremene-teme.vern.hr\/en\/wp-json\/wp\/v2\/types\/page"}],"author":[{"embeddable":true,"href":"https:\/\/suvremene-teme.vern.hr\/en\/wp-json\/wp\/v2\/users\/6"}],"replies":[{"embeddable":true,"href":"https:\/\/suvremene-teme.vern.hr\/en\/wp-json\/wp\/v2\/comments?post=33"}],"version-history":[{"count":6,"href":"https:\/\/suvremene-teme.vern.hr\/en\/wp-json\/wp\/v2\/pages\/33\/revisions"}],"predecessor-version":[{"id":1180,"href":"https:\/\/suvremene-teme.vern.hr\/en\/wp-json\/wp\/v2\/pages\/33\/revisions\/1180"}],"wp:attachment":[{"href":"https:\/\/suvremene-teme.vern.hr\/en\/wp-json\/wp\/v2\/media?parent=33"}],"wp:term":[{"taxonomy":"author","embeddable":true,"href":"https:\/\/suvremene-teme.vern.hr\/en\/wp-json\/wp\/v2\/coauthors?post=33"}],"curies":[{"name":"wp","href":"https:\/\/api.w.org\/{rel}","templated":true}]}}